{"id":17270,"date":"2024-11-08T00:00:20","date_gmt":"2025-03-24T08:01:17","guid":{"rendered":"https:\/\/delices.lu\/produit\/fischtopf-41-x-27-cm-induktion\/"},"modified":"2025-03-24T09:01:17","modified_gmt":"2025-03-24T08:01:17","slug":"fischtopf-41-x-27-cm-induktion","status":"publish","type":"product","link":"https:\/\/delices.lu\/de\/produit\/fischtopf-41-x-27-cm-induktion\/","title":{"rendered":"Fischtopf 41 x 27 cm Induktion"},"content":{"rendered":"","protected":false},"excerpt":{"rendered":"<p>AMT Gastroguss Fischdose.<br \/>\nMaterial: Handgeformtes Aluminium.<br \/>\nMa\u00dfe: 41 cm x 27 cm x 5 cm.<br \/>\n<strong>Abnehmbarer Griff <\/strong>: 21 cm.<br \/>\nHerd: <strong>Induktion<\/strong> + Gas, Elektrizit\u00e4t, Keramik, Halogen.<br \/>\n&#8211; Aus dem Vollen geformte Gewindemuffe f\u00fcr eine dauerhafte Befestigung der Griffe.<br \/>\n&#8211; Besonders dicker Boden (8 bis 10 mm) f\u00fcr eine optimale W\u00e4rmeleitung und W\u00e4rmespeicherung.<br \/>\n&#8211; &#8211; Besonders dicker Boden (8 bis 10 mm) f\u00fcr eine optimale W\u00e4rmeleitung und W\u00e4rmespeicherung. Perfekt flacher und geh\u00e4rteter Au\u00dfenboden f\u00fcr einen optimalen Kontakt mit dem Kochfeld.<br \/>\n&#8211; Die von AMT Gastroguss entwickelte Lotan\u00ae-Beschichtung erm\u00f6glicht fettfreies Kochen und vereinfacht die Reinigung.<br \/>\n&#8211; Verst\u00e4rkter Ausguss.<br \/>\n&#8211; AMT Gastroguss ist offizieller Ausr\u00fcster der Nationalmannschaft der Gastronomiek\u00f6che.<br \/>\n&#8211; Made in Germany.<\/p>\n","protected":false},"featured_media":15443,"template":"","meta":[],"location":[1194],"product_brand":[],"product_cat":[2197,2147,2154,2157,2436],"product_tag":[2198,2158],"class_list":{"0":"post-17270","1":"product","2":"type-product","3":"status-publish","4":"has-post-thumbnail","6":"location-p243","7":"product_cat-abnehmbarer-griff","8":"product_cat-amt-gastroguss-de","9":"product_cat-bratpfanne","10":"product_cat-induktion","11":"product_cat-poissonniere-de","12":"product_tag-abnehmbarer-griff","13":"product_tag-induktion","15":"first","16":"instock","17":"shipping-taxable","18":"purchasable","19":"product-type-simple"},"supplier_id":9072,"supplier_sku":"I-4127-Z20B","barcode":"4250194660771","atum_controlled":true,"out_stock_date":"2024-11-08 16:39:10","out_stock_threshold":null,"inheritable":false,"inbound_stock":0,"stock_on_hold":0,"sold_today":0,"sales_last_days":0,"reserved_stock":0,"customer_returns":0,"warehouse_damage":0,"lost_in_post":0,"other_logs":0,"out_stock_days":252,"lost_sales":0,"has_location":false,"update_date":"2025-07-19T06:26:41","atum_locations":[{"id":1198,"name":"P243","slug":"p243"}],"atum_stock_status":"onbackorder","restock_status":false,"low_stock_amount":"","sales_update_date":"2025-07-19T06:26:41","calc_backorders":0,"locations":[],"_links":{"self":[{"href":"https:\/\/delices.lu\/de\/wp-json\/wp\/v2\/product\/17270","targetHints":{"allow":["GET"]}}],"collection":[{"href":"https:\/\/delices.lu\/de\/wp-json\/wp\/v2\/product"}],"about":[{"href":"https:\/\/delices.lu\/de\/wp-json\/wp\/v2\/types\/product"}],"wp:featuredmedia":[{"embeddable":true,"href":"https:\/\/delices.lu\/de\/wp-json\/wp\/v2\/media\/15443"}],"wp:attachment":[{"href":"https:\/\/delices.lu\/de\/wp-json\/wp\/v2\/media?parent=17270"}],"wp:term":[{"taxonomy":"location","embeddable":true,"href":"https:\/\/delices.lu\/de\/wp-json\/wp\/v2\/location?post=17270"},{"taxonomy":"product_brand","embeddable":true,"href":"https:\/\/delices.lu\/de\/wp-json\/wp\/v2\/product_brand?post=17270"},{"taxonomy":"product_cat","embeddable":true,"href":"https:\/\/delices.lu\/de\/wp-json\/wp\/v2\/product_cat?post=17270"},{"taxonomy":"product_tag","embeddable":true,"href":"https:\/\/delices.lu\/de\/wp-json\/wp\/v2\/product_tag?post=17270"}],"curies":[{"name":"wp","href":"https:\/\/api.w.org\/{rel}","templated":true}]}}