{"id":17271,"date":"2024-10-30T00:00:56","date_gmt":"2025-03-24T08:01:17","guid":{"rendered":"https:\/\/delices.lu\/produit\/manufacture-rock-schale-rund-schwarz-2\/"},"modified":"2025-03-24T09:01:17","modified_gmt":"2025-03-24T08:01:17","slug":"manufacture-rock-schale-rund-schwarz-2","status":"publish","type":"product","link":"https:\/\/delices.lu\/de\/produit\/manufacture-rock-schale-rund-schwarz-2\/","title":{"rendered":"Manufacture Rock &#8211; Schale, rund, schwarz"},"content":{"rendered":"<p><strong>Eine Porzellanschale f\u00fcr jeden Geschmack<\/strong><br \/>\nBewundern Sie das Design dieser originellen Porzellanschale. Ihre strukturierte Oberfl\u00e4che in Kombination mit dem intensiven Mattschwarz verleiht ihr einen einzigartigen Schiefer-Look! Auf dem Tisch sorgt der antike und kunstvolle Stil f\u00fcr ein erstaunliches taktiles Erlebnis. Lassen Sie Ihrer Fantasie freien Lauf und kombinieren Sie verschiedene St\u00fccke dieser Kollektion &#8211; flache Teller, doppelwandige Mugs, Servierplatten oder Weingl\u00e4ser &#8211; und stellen Sie ein originelles Designgeschirr zusammen! Wir bei Villeroy &amp; Boch lieben die Kombination von matt und gl\u00e4nzend, die jedem gedeckten Tisch einen schicken und einfachen Stil verleiht. Diese Porzellanschale passt \u00fcbrigens zu jeder Gelegenheit. Von einem fruchtigen Fr\u00fchst\u00fccksm\u00fcsli \u00fcber eine w\u00fcrzige Suppe f\u00fcr einen w\u00e4rmenden Moment bis hin zu k\u00f6stlichen H\u00e4ppchen f\u00fcr einen festlichen Aperitif&#8230; diese kleine Schale begleitet Sie durch einzigartige Momente. Schaffen Sie einzigartige Momente der puren Gaumenfreude.       <\/p>\n","protected":false},"excerpt":{"rendered":"<p>MATERIAL: Hochwertiges Porzellan<br \/>\nDURCHMESSER: ca. 140 mm<br \/>\nGR\u00d6SSE: ca. 430 ml<br \/>\nFARBE: schwarz<br \/>\nGARANTIE SP\u00dcLMASCHINENGARANTIE: nicht<br \/>\nMIKROWELLENKOMPATIBEL: nicht<br \/>\nREF. ARTIKEL: 1042391900 <\/p>\n","protected":false},"featured_media":17272,"template":"","meta":[],"location":[959],"product_brand":[],"product_cat":[1354,1355,1356,1309],"product_tag":[1359,1358,2255,2285],"class_list":{"0":"post-17271","1":"product","2":"type-product","3":"status-publish","4":"has-post-thumbnail","6":"location-0-shop","7":"product_cat-art-de-la-table-de","8":"product_cat-bol-de","9":"product_cat-coupe-de","10":"product_cat-villeroy-boch-de","11":"product_tag-bol-de","12":"product_tag-coupe-de","13":"product_tag-manufaktur-rock","14":"product_tag-schwarz","16":"first","17":"instock","18":"shipping-taxable","19":"purchasable","20":"product-type-simple"},"supplier_id":9071,"supplier_sku":"1042391900","barcode":"4003686359338","atum_controlled":true,"out_stock_date":null,"out_stock_threshold":0,"inheritable":false,"inbound_stock":0,"stock_on_hold":0,"sold_today":0,"sales_last_days":0,"reserved_stock":0,"customer_returns":0,"warehouse_damage":null,"lost_in_post":0,"other_logs":0,"out_stock_days":0,"lost_sales":0,"has_location":true,"update_date":"2025-07-19T06:26:35","atum_locations":[{"id":960,"name":"0 SHOP","slug":"0-shop"}],"atum_stock_status":"instock","restock_status":false,"low_stock_amount":"","sales_update_date":"2025-07-19T06:26:35","calc_backorders":0,"locations":[],"_links":{"self":[{"href":"https:\/\/delices.lu\/de\/wp-json\/wp\/v2\/product\/17271","targetHints":{"allow":["GET"]}}],"collection":[{"href":"https:\/\/delices.lu\/de\/wp-json\/wp\/v2\/product"}],"about":[{"href":"https:\/\/delices.lu\/de\/wp-json\/wp\/v2\/types\/product"}],"wp:featuredmedia":[{"embeddable":true,"href":"https:\/\/delices.lu\/de\/wp-json\/wp\/v2\/media\/17272"}],"wp:attachment":[{"href":"https:\/\/delices.lu\/de\/wp-json\/wp\/v2\/media?parent=17271"}],"wp:term":[{"taxonomy":"location","embeddable":true,"href":"https:\/\/delices.lu\/de\/wp-json\/wp\/v2\/location?post=17271"},{"taxonomy":"product_brand","embeddable":true,"href":"https:\/\/delices.lu\/de\/wp-json\/wp\/v2\/product_brand?post=17271"},{"taxonomy":"product_cat","embeddable":true,"href":"https:\/\/delices.lu\/de\/wp-json\/wp\/v2\/product_cat?post=17271"},{"taxonomy":"product_tag","embeddable":true,"href":"https:\/\/delices.lu\/de\/wp-json\/wp\/v2\/product_tag?post=17271"}],"curies":[{"name":"wp","href":"https:\/\/api.w.org\/{rel}","templated":true}]}}