{"id":17297,"date":"2024-11-16T00:00:06","date_gmt":"2025-03-24T08:01:30","guid":{"rendered":"https:\/\/delices.lu\/produit\/tiefer-patisserieteller\/"},"modified":"2025-03-24T09:01:30","modified_gmt":"2025-03-24T08:01:30","slug":"tiefer-patisserieteller","status":"publish","type":"product","link":"https:\/\/delices.lu\/de\/produit\/tiefer-patisserieteller\/","title":{"rendered":"Tiefer Patisserieteller"},"content":{"rendered":"<p><strong>F\u00fcr die K\u00f6stlichkeiten Ihrer Weihnachtsb\u00e4ckerei<\/strong><br \/>\nToy&#8217;s Fantasy ist Teil der umfangreichen Weihnachtswelt von Villeroy &amp; Boch und weckt mit seinen in weihnachtlichen Farben und mit liebevollen Details gestalteten St\u00fccken sch\u00f6ne Kindheitserinnerungen. Verleihen Sie Ihrem Zuhause mit originellen Geschirr- und Dekorationsideen eine einzigartige Gem\u00fctlichkeit f\u00fcr die Feiertage. Die Artikel der Weihnachtskollektion lassen sich wunderbar sammeln und kombinieren. Weihnachten ist die Zeit der Kekse und auf diesem wundersch\u00f6nen Geb\u00e4ckteller finden Ihre Kekse einen perfekten Platz. Machen Sie Weihnachten zu einem farbenfrohen Fest.    <\/p>\n","protected":false},"excerpt":{"rendered":"<p><strong>Suppenteller<br \/>\nSchlittenfahrt<\/strong><br \/>\nMaterial: Premium Porcelain<br \/>\nGewicht: ca. 1,72 kg<br \/>\nmehrfarbig\/rot\/wei\u00df,<br \/>\nMa\u00dfe: 39 x 39 x 3,5 cm<br \/>\nmikrowellengeeignet<br \/>\nArtikelnummer 1483322280 <\/p>\n","protected":false},"featured_media":17298,"template":"","meta":[],"location":[959,885],"product_brand":[],"product_cat":[1354,1311,2231,1309,2230],"product_tag":[743,2370,2248,2312],"class_list":{"0":"post-17297","1":"product","2":"type-product","3":"status-publish","4":"has-post-thumbnail","6":"location-0-shop","7":"location-12-1","8":"product_cat-art-de-la-table-de","9":"product_cat-dekoration","10":"product_cat-teller","11":"product_cat-villeroy-boch-de","12":"product_cat-weihnachten","13":"product_tag-decoration-de","14":"product_tag-hohle-platte","15":"product_tag-teller","16":"product_tag-teller-de","18":"first","19":"instock","20":"shipping-taxable","21":"purchasable","22":"product-type-simple"},"supplier_id":9071,"supplier_sku":"1483322280","barcode":"4003686392625","atum_controlled":true,"out_stock_date":null,"out_stock_threshold":null,"inheritable":false,"inbound_stock":0,"stock_on_hold":0,"sold_today":0,"sales_last_days":0,"reserved_stock":null,"customer_returns":null,"warehouse_damage":null,"lost_in_post":null,"other_logs":null,"out_stock_days":0,"lost_sales":0,"has_location":false,"update_date":"2025-07-19T06:26:37","atum_locations":[{"id":960,"name":"0 SHOP","slug":"0-shop"},{"id":824,"name":"121","slug":"121"}],"atum_stock_status":"instock","restock_status":false,"low_stock_amount":"","sales_update_date":"2025-07-19T06:26:37","calc_backorders":0,"locations":[],"_links":{"self":[{"href":"https:\/\/delices.lu\/de\/wp-json\/wp\/v2\/product\/17297","targetHints":{"allow":["GET"]}}],"collection":[{"href":"https:\/\/delices.lu\/de\/wp-json\/wp\/v2\/product"}],"about":[{"href":"https:\/\/delices.lu\/de\/wp-json\/wp\/v2\/types\/product"}],"wp:featuredmedia":[{"embeddable":true,"href":"https:\/\/delices.lu\/de\/wp-json\/wp\/v2\/media\/17298"}],"wp:attachment":[{"href":"https:\/\/delices.lu\/de\/wp-json\/wp\/v2\/media?parent=17297"}],"wp:term":[{"taxonomy":"location","embeddable":true,"href":"https:\/\/delices.lu\/de\/wp-json\/wp\/v2\/location?post=17297"},{"taxonomy":"product_brand","embeddable":true,"href":"https:\/\/delices.lu\/de\/wp-json\/wp\/v2\/product_brand?post=17297"},{"taxonomy":"product_cat","embeddable":true,"href":"https:\/\/delices.lu\/de\/wp-json\/wp\/v2\/product_cat?post=17297"},{"taxonomy":"product_tag","embeddable":true,"href":"https:\/\/delices.lu\/de\/wp-json\/wp\/v2\/product_tag?post=17297"}],"curies":[{"name":"wp","href":"https:\/\/api.w.org\/{rel}","templated":true}]}}